{"id":3,"date":"2020-05-06T11:12:36","date_gmt":"2020-05-06T09:12:36","guid":{"rendered":"http:\/\/acyrus.net\/site01\/?page_id=3"},"modified":"2023-08-31T10:55:57","modified_gmt":"2023-08-31T08:55:57","slug":"politique-de-confidentialite","status":"publish","type":"page","link":"https:\/\/acyrus.net\/site01\/index.php\/accueil\/politique-de-confidentialite\/","title":{"rendered":"Politique de confidentialit\u00e9"},"content":{"rendered":"[et_pb_section fb_built=\u00a0\u00bb1&Prime; admin_label=\u00a0\u00bbsection\u00a0\u00bb _builder_version=\u00a0\u00bb4.16&Prime; global_colors_info=\u00a0\u00bb{}\u00a0\u00bb][et_pb_row admin_label=\u00a0\u00bbrow\u00a0\u00bb _builder_version=\u00a0\u00bb4.16&Prime; background_size=\u00a0\u00bbinitial\u00a0\u00bb background_position=\u00a0\u00bbtop_left\u00a0\u00bb background_repeat=\u00a0\u00bbrepeat\u00a0\u00bb global_colors_info=\u00a0\u00bb{}\u00a0\u00bb][et_pb_column type=\u00a0\u00bb4_4&Prime; _builder_version=\u00a0\u00bb4.16&Prime; custom_padding=\u00a0\u00bb|||\u00a0\u00bb global_colors_info=\u00a0\u00bb{}\u00a0\u00bb custom_padding__hover=\u00a0\u00bb|||\u00a0\u00bb][et_pb_text admin_label=\u00a0\u00bbText\u00a0\u00bb _builder_version=\u00a0\u00bb4.21.0&Prime; background_size=\u00a0\u00bbinitial\u00a0\u00bb background_position=\u00a0\u00bbtop_left\u00a0\u00bb background_repeat=\u00a0\u00bbrepeat\u00a0\u00bb hover_enabled=\u00a0\u00bb0&Prime; global_colors_info=\u00a0\u00bb{}\u00a0\u00bb sticky_enabled=\u00a0\u00bb0&Prime;]<p><\/p>\n<h2 class=\"wp-block-heading\"><\/h2>\n<p><span>Votre vie priv\u00e9e est importante pour ACYRUS Sarl (ci-apr\u00e8s d\u00e9nomm\u00e9e \u00ab <\/span><strong>ACYRUS<\/strong><span>\u00a0\u00bb). Cette Politique confidentialit\u00e9 a pour but de vous expliquer quelles sont les informations que nous recueillons et comment nous les utilisons, divulguons, transf\u00e9rons et conservons.<\/span><\/p>\n<h2><\/h2>\n<h2><\/h2>\n<h2><\/h2>\n<h2><\/h2>\n<h2><\/h2>\n<h2>Identit\u00e9 de ACYRUS<\/h2>\n<p><\/p>\n<p>Pour toutes questions concernant cette politique de confidentialit\u00e9, vous pouvez nous contacter en utilisant les coordonn\u00e9es suivantes :<\/p>\n<p><strong><span style=\"color: #0e21f2;\">ACYRUS Sarl<\/span><\/strong><br \/>Si\u00e8ge social :<br \/>4 rue du Vivarais, 26540 MOURS ST EUSEBE<br \/>T\u00e9l. : +33 475 705 150<br \/>Mail. :<span> <\/span><a href=\"mailto:mail@cookiebot.com\">contact@acyrus.fr<\/a><br \/>Siret : 439 649 211 00018<\/p>\n<p>Nos clients peuvent envoyer leurs questions concernant les probl\u00e8mes de protection des donn\u00e9es personnelles, de confidentialit\u00e9 et de s\u00e9curit\u00e9 \u00e0 notre g\u00e9rant\u00a0 Benoit MOREL.<\/p>\n<h2><\/h2>\n<p>&nbsp;<\/p>\n<h2>H\u00e9bergement<\/h2>\n<p><\/p>\n<blockquote><\/blockquote>\n<p><strong><span style=\"color: #0e21f2;\">LWS<\/span><\/strong><br \/>Si\u00e8ge social :<br \/>10 rue Penthievre, 75008 PARIS FRANCE<\/p>\n<blockquote><\/blockquote>\n<h2>Utilisation des donn\u00e9es personnelles collect\u00e9es<\/h2>\n<p><span style=\"font-size: 14px;\">La navigation de ce site ne n\u00e9cessite pas d\u2019une mani\u00e8re g\u00e9n\u00e9rale la r\u00e9v\u00e9lation de l\u2019identit\u00e9 des utilisateurs et leurs donn\u00e9es \u00e0 caract\u00e8re personnel. Cependant, les utilisateurs pourront \u00eatre amen\u00e9s \u00e0 fournir certaines informations les concernant. Acyrus informent les utilisateurs que les donn\u00e9es \u00e0 caract\u00e8re personnel sont destin\u00e9es \u00e0 Acyrus. Elles ne seront, en aucun cas, transmises, \u00e0 titre gratuit ou on\u00e9reux, \u00e0 des tiers.<\/span><\/p>\n<p>Ce site utilise ou est susceptible d\u2019utiliser des cookies. Les utilisateurs de ce site sont inform\u00e9s que ces cookies sont stock\u00e9s sur leur ordinateur et sont destin\u00e9s \u00e0 mesurer l\u2019activit\u00e9 et les habitudes de trafic sur le site dans le but d\u2019am\u00e9liorer votre exp\u00e9rience. Un cookie contient des informations qui permettent de vous identifier chaque fois que vous vous rendez sur le site. Les donn\u00e9es sont crypt\u00e9es pour plus de s\u00e9curit\u00e9. Votre navigateur peut \u00eatre param\u00e9tr\u00e9 de fa\u00e7on \u00e0 vous avertir avant d\u2019accepter des cookies et vous pouvez choisir de les refuser en les bloquant dans votre navigateur. Il n\u2019est pas n\u00e9cessaire que vous acceptiez les cookies pour visiter le site, mais vous pouvez en avoir besoin pour utiliser certaines fonctions personnalisables du site.<\/p>\n<p>Les informations recueillies par le biais de l\u2019un de nos formulaires de contact sont conserv\u00e9s dans notre boite de messagerie \u00e9lectronique\u00a0 pour faciliter les \u00e9changes avec les prospects et clients de l\u2019entreprise. Elles sont destin\u00e9es \u00e0 tout g\u00e9rant\/employ\u00e9 de la soci\u00e9t\u00e9 susceptible d\u2019avoir un \u00e9change t\u00e9l\u00e9phonique ou par messagerie \u00e9lectronique avec les personnes concern\u00e9es, notamment pour r\u00e9pondre \u00e0 leur demande.<\/p>\n<p>Aucune adresse IP n\u2019est collect\u00e9e lors de l\u2019envoi d\u2019un formulaire par le biais de notre site Internet.<\/p>\n<p>Les utilisateurs de ce site disposent d\u2019un droit d\u2019acc\u00e8s, de rectification, de modification et de suppression des donn\u00e9es \u00e0 caract\u00e8re personnel les concernant. Pour ce faire, ils peuvent contacter le Directeur de Publication, \u00e0 tout moment, \u00e0 l\u2019adresse du si\u00e8ge social de Acyrus indiqu\u00e9e ci-dessus ou \u00e0 l\u2019adresse \u00e9lectronique.<\/p>\n<p>Les utilisateurs de ce site sont tenus de respecter les dispositions de la Loi Informatique et Libert\u00e9s du 6 janvier 1978 modifi\u00e9e et plus g\u00e9n\u00e9ralement toute disposition l\u00e9gale relative \u00e0 l\u2019utilisation d\u2019Internet, dont la violation est passible de sanctions civiles et\/ou p\u00e9nales. Ils doivent notamment s\u2019abstenir, s\u2019agissant d\u2019informations nominatives auxquelles ils acc\u00e8dent, de toute collecte, de toute utilisation d\u00e9tourn\u00e9e et, d\u2019une mani\u00e8re g\u00e9n\u00e9rale, de tout acte susceptible de porter atteinte notamment \u00e0 la vie priv\u00e9e, aux donn\u00e9es \u00e0 caract\u00e8re personnel ou \u00e0 la r\u00e9putation des personnes.<\/p>\n<p>Il vous est \u00e9galement possible de d\u00e9sactiver la collecte d\u2019informations par le biais de la technologie des cookies. Pour cela, merci de consulter les pages suivantes :<\/p>\n<ul>\n<li>Mozilla Firefox :\u00a0<a href=\"https:\/\/support.mozilla.org\/fr\/kb\/cookies-informations-sites-enregistrent\">https:\/\/support.mozilla.org\/fr\/kb\/cookies-informations-sites-enregistrent<\/a><\/li>\n<li>Google Chrome :\u00a0<a href=\"https:\/\/support.google.com\/chrome\/answer\/95647?hl=fr\">https:\/\/support.google.com\/chrome\/answer\/95647?hl=fr<\/a><\/li>\n<li><span style=\"color: #666666;\"><a href=\"https:\/\/support.microsoft.com\/en-us\/help\/4468242\/microsoft-edge-browsing-data-and-privacy-microsoft-privacy\" style=\"color: #666666;\">Microsoft Edge :<\/a><\/span><\/li>\n<\/ul>\n<h2><\/h2>\n<h2><\/h2>\n<h2>Droit de propri\u00e9t\u00e9 intellectuelle<\/h2>\n<p>Le contenu du pr\u00e9sent site (notamment et sans que cette liste soit limitative, les informations, d\u00e9nominations sociales, marques, logos, d\u00e9nominations vari\u00e9tales, dessins, slogans ou plus g\u00e9n\u00e9ralement tous signes distinctifs, textes, graphiques, donn\u00e9es, images, photographies, visuels, base de donn\u00e9es, formes, le site lui-m\u00eame ainsi que tous ces \u00e9l\u00e9ments) est prot\u00e9g\u00e9 au titre du droit de la propri\u00e9t\u00e9 intellectuelle.<\/p>\n<p>Toute utilisation et\/ou reproduction et\/ou repr\u00e9sentation desdites d\u00e9nominations sociales, marques, logos d\u00e9nominations vari\u00e9tales, dessins, slogans ou plus g\u00e9n\u00e9ralement tous signes distinctifs, textes, graphiques, donn\u00e9es, images, photographies, visuels, base de donn\u00e9es, formes du site lui-m\u00eame et de tous ces \u00e9l\u00e9ments, consultables sur le site internet est strictement prohib\u00e9e, sauf autorisation pr\u00e9alable et \u00e9crite de Acyrus.<\/p>\n<p>Toute copie, impression, reproduction, repr\u00e9sentation, adaptation, exploitation, alt\u00e9ration, traduction, diffusion int\u00e9grale ou partielle, du contenu du pr\u00e9sent site, par quelque proc\u00e9d\u00e9 que ce soit, est illicite et constituerait un acte de contrefa\u00e7on \u2013 \u00e0 l\u2019exception de la copie priv\u00e9e r\u00e9serv\u00e9e uniquement \u00e0 l\u2019usage priv\u00e9 du copiste \u2013 et\/ou un acte de concurrence d\u00e9loyale et\/ou un acte de parasitisme, tel(s) que d\u00e9fini(s) par la l\u00e9gislation ou r\u00e9glementation applicable.<\/p>\n<p>La cr\u00e9ation ou l\u2019utilisation de liens hypertextes vers une ou plusieurs pages du site ou vers l\u2019un de ses \u00e9l\u00e9ments est interdite, sauf autorisation pr\u00e9alable et \u00e9crite d\u2019Acyrus.<\/p>\n<p>Le site contient des liens hypertextes vers d\u2019autres sites. Acyrus ne pourra \u00eatre tenue responsable du contenu des sites auquel elle renvoie et\/ou pointe et de l\u2019usage qui pourra en \u00eatre fait par les utilisateurs.<\/p>\n<p>&nbsp;<\/p>\n<h2>Accessibilit\u00e9 du site et responsabilit\u00e9<\/h2>\n<p>L\u2019ensemble des informations et documents accessibles via le pr\u00e9sent site sont fournis \u00ab en l\u2019\u00e9tat \u00bb et \u00ab sous toute r\u00e9serve \u00bb. Acyrus ne donne aucune garantie, expresse ou tacite, et n\u2019assume aucune responsabilit\u00e9 relative \u00e0 l\u2019utilisation de ces informations. Acyrus n\u2019est pas responsable des inexactitudes, des erreurs, omissions et informations partielles contenues sur ce site. Acyrus se r\u00e9serve le droit de modifier ou de corriger \u00e0 tout moment le contenu de son site. L\u2019utilisateur utilise les donn\u00e9es et informations contenues sur le site sous sa seule et enti\u00e8re responsabilit\u00e9.<\/p>\n<p>Acyrus\u00a0s\u2019efforce de maintenir accessible le pr\u00e9sent site, mais n\u2019est aucunement tenu d\u2019une obligation d\u2019y parvenir. L\u2019acc\u00e8s \u00e0 tout ou partie du pr\u00e9sent site pourra \u00eatre modifi\u00e9, suspendu voire interrompu en cas de maintenance, de mise \u00e0 jour, et pour toute autre raison, sur simple d\u00e9cision de Acyrus notamment d\u2019ordre technique ou juridique.<\/p>\n<p>En aucun cas, Acyrus ne pourra \u00eatre tenue pour responsable desdites modifications, suspensions, voire interruptions, des dommages directs ou indirects, des pertes et pr\u00e9judices de quelque nature qu\u2019ils soient, r\u00e9sultant de l\u2019acc\u00e8s ou de l\u2019utilisation de ce site ou d\u2019une quelconque information obtenue sur ce site. Toutes les informations, textes, pr\u00e9sentations, documents et photographies disponibles sur ce site ne sont pas contractuels et sont donn\u00e9s \u00e0 titre indicatif.<\/p>\n<p>En outre, Acyrus ne pourra \u00eatre tenu responsable de tout dommage r\u00e9sultant de l\u2019infection du mat\u00e9riel informatique des utilisateurs par un virus ou autres infections informatiques. Il leur appartient de prendre toutes les mesures n\u00e9cessaires de protection contre les virus d\u00e8s lors que vous acc\u00e9dez au site ou t\u00e9l\u00e9chargez des documents depuis ce site.<\/p>\n<p>&nbsp;<\/p>\n<h2>Loi applicable<\/h2>\n<h2><\/h2>\n<p>Le pr\u00e9sent site et ses conditions d\u2019utilisation sont soumis exclusivement au droit fran\u00e7ais. Tout litige relatif \u00e0 ce site et aux mentions l\u00e9gales sera port\u00e9 exclusivement devant les tribunaux comp\u00e9tents dans le ressort desquels est situ\u00e9 le si\u00e8ge social<\/p>\n<p><\/p>\n<h3 class=\"wp-block-heading\"><\/h3>\n<p><\/p>[\/et_pb_text][\/et_pb_column][\/et_pb_row][\/et_pb_section]","protected":false},"excerpt":{"rendered":"<p>Votre vie priv\u00e9e est importante pour ACYRUS Sarl (ci-apr\u00e8s d\u00e9nomm\u00e9e \u00ab ACYRUS\u00a0\u00bb). Cette Politique confidentialit\u00e9 a pour but de vous expliquer quelles sont les informations que nous recueillons et comment nous les utilisons, divulguons, transf\u00e9rons et conservons. Identit\u00e9 de ACYRUS Pour toutes questions concernant cette politique de confidentialit\u00e9, vous pouvez nous contacter en utilisant les [&hellip;]<\/p>\n","protected":false},"author":1,"featured_media":0,"parent":36,"menu_order":0,"comment_status":"closed","ping_status":"open","template":"","meta":{"_et_pb_use_builder":"on","_et_pb_old_content":"<!-- wp:heading --><h2>Qui sommes-nous\u00a0?<\/h2><!-- \/wp:heading --><!-- wp:paragraph --><p>L\u2019adresse de notre site Web est\u00a0: http:\/\/acyrus.net\/site01.<\/p><!-- \/wp:paragraph --><!-- wp:heading --><h2>Utilisation des donn\u00e9es personnelles collect\u00e9es<\/h2><!-- \/wp:heading --><!-- wp:heading {\"level\":3} --><h3>Commentaires<\/h3><!-- \/wp:heading --><!-- wp:paragraph --><p>Quand vous laissez un commentaire sur notre site web, les donn\u00e9es inscrites dans le formulaire de commentaire, mais aussi votre adresse IP et l\u2019agent utilisateur de votre navigateur sont collect\u00e9s pour nous aider \u00e0 la d\u00e9tection des commentaires ind\u00e9sirables.<\/p><!-- \/wp:paragraph --><!-- wp:paragraph --><p>Une cha\u00eene anonymis\u00e9e cr\u00e9\u00e9e \u00e0 partir de votre adresse de messagerie (\u00e9galement appel\u00e9e hash) peut \u00eatre envoy\u00e9e au service Gravatar pour v\u00e9rifier si vous utilisez ce dernier. Les clauses de confidentialit\u00e9 du service Gravatar sont disponibles ici\u00a0: https:\/\/automattic.com\/privacy\/. Apr\u00e8s validation de votre commentaire, votre photo de profil sera visible publiquement \u00e0 cot\u00e9 de votre commentaire.<\/p><!-- \/wp:paragraph --><!-- wp:heading {\"level\":3} --><h3>M\u00e9dias<\/h3><!-- \/wp:heading --><!-- wp:paragraph --><p>Si vous \u00eates un utilisateur ou une utilisatrice enregistr\u00e9\u00b7e et que vous t\u00e9l\u00e9versez des images sur le site web, nous vous conseillons d\u2019\u00e9viter de t\u00e9l\u00e9verser des images contenant des donn\u00e9es EXIF de coordonn\u00e9es GPS. Les visiteurs de votre site web peuvent t\u00e9l\u00e9charger et extraire des donn\u00e9es de localisation depuis ces images.<\/p><!-- \/wp:paragraph --><!-- wp:heading {\"level\":3} --><h3>Formulaires de contact<\/h3><!-- \/wp:heading --><!-- wp:heading {\"level\":3} --><h3>Cookies<\/h3><!-- \/wp:heading --><!-- wp:paragraph --><p>Si vous d\u00e9posez un commentaire sur notre site, il vous sera propos\u00e9 d\u2019enregistrer votre nom, adresse de messagerie et site web dans des cookies. C\u2019est uniquement pour votre confort afin de ne pas avoir \u00e0 saisir ces informations si vous d\u00e9posez un autre commentaire plus tard. Ces cookies expirent au bout d\u2019un an.<\/p><!-- \/wp:paragraph --><!-- wp:paragraph --><p>Si vous vous rendez sur la page de connexion, un cookie temporaire sera cr\u00e9\u00e9 afin de d\u00e9terminer si votre navigateur accepte les cookies. Il ne contient pas de donn\u00e9es personnelles et sera supprim\u00e9 automatiquement \u00e0 la fermeture de votre navigateur.<\/p><!-- \/wp:paragraph --><!-- wp:paragraph --><p>Lorsque vous vous connecterez, nous mettrons en place un certain nombre de cookies pour enregistrer vos informations de connexion et vos pr\u00e9f\u00e9rences d\u2019\u00e9cran. La dur\u00e9e de vie d\u2019un cookie de connexion est de deux jours, celle d\u2019un cookie d\u2019option d\u2019\u00e9cran est d\u2019un an. Si vous cochez \u00ab\u00a0Se souvenir de moi\u00a0\u00bb, votre cookie de connexion sera conserv\u00e9 pendant deux semaines. Si vous vous d\u00e9connectez de votre compte, le cookie de connexion sera effac\u00e9.<\/p><!-- \/wp:paragraph --><!-- wp:paragraph --><p>En modifiant ou en publiant une publication, un cookie suppl\u00e9mentaire sera enregistr\u00e9 dans votre navigateur. Ce cookie ne comprend aucune donn\u00e9e personnelle. Il indique simplement l\u2019ID de la publication que vous venez de modifier. Il expire au bout d\u2019un jour.<\/p><!-- \/wp:paragraph --><!-- wp:heading {\"level\":3} --><h3>Contenu embarqu\u00e9 depuis d\u2019autres sites<\/h3><!-- \/wp:heading --><!-- wp:paragraph --><p>Les articles de ce site peuvent inclure des contenus int\u00e9gr\u00e9s (par exemple des vid\u00e9os, images, articles\u2026). Le contenu int\u00e9gr\u00e9 depuis d\u2019autres sites se comporte de la m\u00eame mani\u00e8re que si le visiteur se rendait sur cet autre site.<\/p><!-- \/wp:paragraph --><!-- wp:paragraph --><p>Ces sites web pourraient collecter des donn\u00e9es sur vous, utiliser des cookies, embarquer des outils de suivis tiers, suivre vos interactions avec ces contenus embarqu\u00e9s si vous disposez d\u2019un compte connect\u00e9 sur leur site web.<\/p><!-- \/wp:paragraph --><!-- wp:heading {\"level\":3} --><h3>Statistiques et mesures d\u2019audience<\/h3><!-- \/wp:heading --><!-- wp:heading --><h2>Utilisation et transmission de vos donn\u00e9es personnelles<\/h2><!-- \/wp:heading --><!-- wp:heading --><h2>Dur\u00e9es de stockage de vos donn\u00e9es<\/h2><!-- \/wp:heading --><!-- wp:paragraph --><p>Si vous laissez un commentaire, le commentaire et ses m\u00e9tadonn\u00e9es sont conserv\u00e9s ind\u00e9finiment. Cela permet de reconna\u00eetre et approuver automatiquement les commentaires suivants au lieu de les laisser dans la file de mod\u00e9ration.<\/p><!-- \/wp:paragraph --><!-- wp:paragraph --><p>Pour les utilisateurs et utilisatrices qui s\u2019enregistrent sur notre site (si cela est possible), nous stockons \u00e9galement les donn\u00e9es personnelles indiqu\u00e9es dans leur profil. Tous les utilisateurs et utilisatrices peuvent voir, modifier ou supprimer leurs informations personnelles \u00e0 tout moment (\u00e0 l\u2019exception de leur nom d\u2019utilisateur\u00b7ice). Les gestionnaires du site peuvent aussi voir et modifier ces informations.<\/p><!-- \/wp:paragraph --><!-- wp:heading --><h2>Les droits que vous avez sur vos donn\u00e9es<\/h2><!-- \/wp:heading --><!-- wp:paragraph --><p>Si vous avez un compte ou si vous avez laiss\u00e9 des commentaires sur le site, vous pouvez demander \u00e0 recevoir un fichier contenant toutes les donn\u00e9es personnelles que nous poss\u00e9dons \u00e0 votre sujet, incluant celles que vous nous avez fournies. Vous pouvez \u00e9galement demander la suppression des donn\u00e9es personnelles vous concernant. Cela ne prend pas en compte les donn\u00e9es stock\u00e9es \u00e0 des fins administratives, l\u00e9gales ou pour des raisons de s\u00e9curit\u00e9.<\/p><!-- \/wp:paragraph --><!-- wp:heading --><h2>Transmission de vos donn\u00e9es personnelles<\/h2><!-- \/wp:heading --><!-- wp:paragraph --><p>Les commentaires des visiteurs peuvent \u00eatre v\u00e9rifi\u00e9s \u00e0 l\u2019aide d\u2019un service automatis\u00e9 de d\u00e9tection des commentaires ind\u00e9sirables.<\/p><!-- \/wp:paragraph --><!-- wp:heading --><h2>Informations de contact<\/h2><!-- \/wp:heading --><!-- wp:heading --><h2>Informations suppl\u00e9mentaires<\/h2><!-- \/wp:heading --><!-- wp:heading {\"level\":3} --><h3>Comment nous prot\u00e9geons vos donn\u00e9es<\/h3><!-- \/wp:heading --><!-- wp:heading {\"level\":3} --><h3>Proc\u00e9dures mises en \u0153uvre en cas de fuite de donn\u00e9es<\/h3><!-- \/wp:heading --><!-- wp:heading {\"level\":3} --><h3>Les services tiers qui nous transmettent des donn\u00e9es<\/h3><!-- \/wp:heading --><!-- wp:heading {\"level\":3} --><h3>Op\u00e9rations de marketing automatis\u00e9 et\/ou de profilage r\u00e9alis\u00e9es \u00e0 l\u2019aide des donn\u00e9es personnelles<\/h3><!-- \/wp:heading --><!-- wp:heading {\"level\":3} --><h3>Affichage des informations li\u00e9es aux secteurs soumis \u00e0 des r\u00e9gulations sp\u00e9cifiques<\/h3><!-- \/wp:heading -->","_et_gb_content_width":"","footnotes":""},"class_list":["post-3","page","type-page","status-publish","hentry"],"_links":{"self":[{"href":"https:\/\/acyrus.net\/site01\/index.php\/wp-json\/wp\/v2\/pages\/3","targetHints":{"allow":["GET"]}}],"collection":[{"href":"https:\/\/acyrus.net\/site01\/index.php\/wp-json\/wp\/v2\/pages"}],"about":[{"href":"https:\/\/acyrus.net\/site01\/index.php\/wp-json\/wp\/v2\/types\/page"}],"author":[{"embeddable":true,"href":"https:\/\/acyrus.net\/site01\/index.php\/wp-json\/wp\/v2\/users\/1"}],"replies":[{"embeddable":true,"href":"https:\/\/acyrus.net\/site01\/index.php\/wp-json\/wp\/v2\/comments?post=3"}],"version-history":[{"count":7,"href":"https:\/\/acyrus.net\/site01\/index.php\/wp-json\/wp\/v2\/pages\/3\/revisions"}],"predecessor-version":[{"id":820,"href":"https:\/\/acyrus.net\/site01\/index.php\/wp-json\/wp\/v2\/pages\/3\/revisions\/820"}],"up":[{"embeddable":true,"href":"https:\/\/acyrus.net\/site01\/index.php\/wp-json\/wp\/v2\/pages\/36"}],"wp:attachment":[{"href":"https:\/\/acyrus.net\/site01\/index.php\/wp-json\/wp\/v2\/media?parent=3"}],"curies":[{"name":"wp","href":"https:\/\/api.w.org\/{rel}","templated":true}]}}